{"id":687,"date":"2026-03-24T01:07:20","date_gmt":"2026-03-24T00:07:20","guid":{"rendered":"https:\/\/laniusekologi.se\/?page_id=687"},"modified":"2026-05-03T22:06:11","modified_gmt":"2026-05-03T20:06:11","slug":"kontakt","status":"publish","type":"page","link":"https:\/\/laniusekologi.se\/?page_id=687","title":{"rendered":"Kontakt \u00a0"},"content":{"rendered":"\n<p>Du hittar oss p\u00e5 kontoret strax utanf\u00f6r Uppsala, men det g\u00e5r givetvis bra att kontakta oss via mejl eller telefon. H\u00f6r av er f\u00f6r mer information eller kostnadsf\u00f6rslag.<\/p>\n\n\n\n<h3 class=\"wp-block-heading\" id=\"Medarbetare\">Medarbetare <\/h3>\n\n\n\n<section id=\"g-s9crgg0\" class=\"wp-block-gutentor-m2 section-g-s9crgg0 gutentor-module gutentor-dynamic-columns\"><div class=\"grid-container\"><div class=\"grid-row\">\n<div id=\"col-g-nmh81ll\" class=\"wp-block-gutentor-m2-col col-g-nmh81ll gutentor-module gutentor-dynamic-single-column grid-lg-4 grid-md-4 grid-12\"><div id=\"section-g-nmh81ll\" class=\"section-g-nmh81ll gutentor-single-col\">\n<p class=\"has-text-align-center\"><img loading=\"lazy\" decoding=\"async\" width=\"150\" height=\"200\" class=\"wp-image-710\" style=\"width: 150px\" src=\"https:\/\/laniusekologi.se\/wp-content\/uploads\/2026\/04\/Angelia_websidan_Liten-rotated.jpg\" alt=\"\"><\/p>\n\n\n\n<p class=\"has-text-align-center\">Angelia Ellvin<\/p>\n\n\n\n<p class=\"has-text-align-center\"><em>Ekologikonsult<\/em><\/p>\n\n\n\n<p>Angelia \u00e4r utbildad biolog med inriktning mot biodiversitet och systematik (MSc. Uppsala universitet 2024). Hon utf\u00f6r inventeringar med fokus p\u00e5 f\u00e5glar, fladderm\u00f6ss samt grod- och kr\u00e4ldjur. Angelia utf\u00f6r ofta artskyddsutredningar inriktade mot f\u00e5glar och fladderm\u00f6ss.<\/p>\n\n\n\n<p class=\"has-text-align-center\"><a href=\"mailto:angelia.ellvin@laniusekologi.se\" data-type=\"mailto\" data-id=\"mailto:angelia.ellvin@laniusekologi.se\">angelia.ellvin@laniusekologi.se <\/a><\/p>\n\n\n\n<p class=\"has-text-align-center\">076 &#8211; 346 38 80<\/p>\n<\/div><\/div>\n\n\n\n<div id=\"col-g-a87niyo\" class=\"wp-block-gutentor-m2-col col-g-a87niyo gutentor-module gutentor-dynamic-single-column grid-lg-4 grid-md-4 grid-12\"><div id=\"section-g-a87niyo\" class=\"section-g-a87niyo gutentor-single-col\">\n<p class=\"has-text-align-center\"><img loading=\"lazy\" decoding=\"async\" width=\"150\" height=\"200\" class=\"wp-image-712\" style=\"width: 150px\" src=\"https:\/\/laniusekologi.se\/wp-content\/uploads\/2026\/04\/Ola_websidan_Liten-rotated.jpg\" alt=\"\"><\/p>\n\n\n\n<p class=\"has-text-align-center\">Ola Erlandsson<\/p>\n\n\n\n<p class=\"has-text-align-center\"><em>Ekologikonsult<\/em><\/p>\n\n\n\n<p>Ola \u00e4r en v\u00e4ldigt kunnig f\u00e5gelinventerare med mer \u00e4n 30 \u00e5rs erfarenhet av att inventera f\u00e5glar i olika milj\u00f6er (sl\u00e4ttbyggd, skog, kust och fj\u00e4ll). Han utf\u00f6r f\u00e5gelinventeringar i hela landet, samt bidrar till rapportskrivning, marknadsf\u00f6ring och ekonomiadministration.<\/p>\n\n\n\n<p class=\"has-text-align-center\"><a href=\"mailto:felix.gunnarsson@laniusekologi.se\" data-type=\"mailto\" data-id=\"mailto:angelia.ellvin@laniusekologi.se\">ola.erlandsson@laniusekologi.se <\/a><\/p>\n\n\n\n<p class=\"has-text-align-center\">070 &#8211; 314 43 40<\/p>\n<\/div><\/div>\n\n\n\n<div id=\"col-g-k9darld\" class=\"wp-block-gutentor-m2-col col-g-k9darld gutentor-module gutentor-dynamic-single-column grid-lg-4 grid-md-4 grid-12\"><div id=\"section-g-k9darld\" class=\"section-g-k9darld gutentor-single-col\">\n<p class=\"has-text-align-center\"><img loading=\"lazy\" decoding=\"async\" width=\"1161\" height=\"1549\" class=\"wp-image-714\" style=\"width: 150px\" src=\"https:\/\/laniusekologi.se\/wp-content\/uploads\/2026\/04\/Felix_websidan_Liten.jpg\" alt=\"\" srcset=\"https:\/\/laniusekologi.se\/wp-content\/uploads\/2026\/04\/Felix_websidan_Liten.jpg 1161w, https:\/\/laniusekologi.se\/wp-content\/uploads\/2026\/04\/Felix_websidan_Liten-225x300.jpg 225w, https:\/\/laniusekologi.se\/wp-content\/uploads\/2026\/04\/Felix_websidan_Liten-768x1025.jpg 768w, https:\/\/laniusekologi.se\/wp-content\/uploads\/2026\/04\/Felix_websidan_Liten-1151x1536.jpg 1151w\" sizes=\"auto, (max-width: 1161px) 100vw, 1161px\" \/><\/p>\n\n\n\n<p class=\"has-text-align-center\">Felix Gunnarsson<\/p>\n\n\n\n<p class=\"has-text-align-center\"><em>Ekologikonsult<\/em><\/p>\n\n\n\n<p>Felix \u00e4r utbildad biolog med inriktning mot ekologi (MSc. Ume\u00e5 universitet 2022). Han utf\u00f6r naturv\u00e4rdesinventeringar, samt inventeringar av k\u00e4rlv\u00e4xter, mossor, lavar, svampar och groddjur. P\u00e5 Lanius Ekologi skriver Felix \u00e4ven rapporter och utf\u00f6r olika typer av GIS-arbete.<\/p>\n\n\n\n<p class=\"has-text-align-center\"><a href=\"mailto:felix.gunnarsson@laniusekologi.se\" data-type=\"mailto\" data-id=\"mailto:angelia.ellvin@laniusekologi.se\">felix.gunnarsson@laniusekologi.se <\/a><\/p>\n\n\n\n<p class=\"has-text-align-center\">073 &#8211; 262 30 15<\/p>\n<\/div><\/div>\n<\/div><\/div><\/section>\n\n\n\n<section id=\"g-swj4fsc\" class=\"wp-block-gutentor-m2 section-g-swj4fsc gutentor-module gutentor-dynamic-columns\"><div class=\"grid-container\"><div class=\"grid-row\">\n<div id=\"col-g-9zne9eq\" class=\"wp-block-gutentor-m2-col col-g-9zne9eq gutentor-module gutentor-dynamic-single-column grid-lg-4 grid-md-4 grid-12\"><div id=\"section-g-9zne9eq\" class=\"section-g-9zne9eq gutentor-single-col\">\n<p class=\"has-text-align-center\"><img loading=\"lazy\" decoding=\"async\" width=\"150\" height=\"200\" class=\"wp-image-704\" style=\"width: 150px\" src=\"https:\/\/laniusekologi.se\/wp-content\/uploads\/2026\/04\/Max_websidan_Liten.jpg\" alt=\"\"><\/p>\n\n\n\n<p class=\"has-text-align-center\">Max Karlsson<\/p>\n\n\n\n<p class=\"has-text-align-center\"><em>Ekologikonsult<\/em><\/p>\n\n\n\n<p class=\"has-text-align-left\">Max \u00e4r utbildad biolog med inriktning mot etologi (djurbeteende) och djurv\u00e4lf\u00e4rd (BSc. SLU, 2023). Han utf\u00f6r artinventeringar av hans specialintresse: f\u00e5glar. Max kan \u00e4ven utf\u00f6ra inventeringar inriktade p\u00e5 fladderm\u00f6ss. Slutligen utf\u00f6r Max \u00e4ven NVI:er.<\/p>\n\n\n\n<p class=\"has-text-align-left\"><a href=\"mailto:sara.poppelaars@laniusekologi.se\">max.karlsson@laniusekologi.se<\/a><\/p>\n\n\n\n<p class=\"has-text-align-center\">070 &#8211; 870 03 54<\/p>\n<\/div><\/div>\n\n\n\n<div id=\"col-g-pjx11j8\" class=\"wp-block-gutentor-m2-col col-g-pjx11j8 gutentor-module gutentor-dynamic-single-column grid-lg-4 grid-md-4 grid-12\"><div id=\"section-g-pjx11j8\" class=\"section-g-pjx11j8 gutentor-single-col\">\n<p class=\"has-text-align-center\"><img loading=\"lazy\" decoding=\"async\" width=\"150\" height=\"200\" class=\"wp-image-702\" style=\"width: 150px\" src=\"https:\/\/laniusekologi.se\/wp-content\/uploads\/2026\/04\/Sara_websidan_liten.jpg\" alt=\"\"><\/p>\n\n\n\n<p class=\"has-text-align-center\">Sara Poppelaars<\/p>\n\n\n\n<p class=\"has-text-align-center\"><em>Ekologikonsult<\/em><\/p>\n\n\n\n<p>Sara \u00e4r utbildad biolog med inriktning mot zooekologi och ekologisk metodik (MSc. Wageningen University, 2018). Hon utf\u00f6r NVI:er samt artinventeringar av f\u00e5glar och fladderm\u00f6ss. Sara utf\u00f6r \u00e4ven artskyddsutredningar inriktade mot f\u00e5glar och fladderm\u00f6ss.<\/p>\n\n\n\n<p class=\"has-text-align-center\"><a href=\"mailto:sara.poppelaars@laniusekologi.se\">sara.poppelaars@laniusekologi.se<\/a><\/p>\n\n\n\n<p class=\"has-text-align-center\">070 &#8211; 265 64 27<\/p>\n<\/div><\/div>\n\n\n\n<div id=\"col-g-vsddsxv\" class=\"wp-block-gutentor-m2-col col-g-vsddsxv gutentor-module gutentor-dynamic-single-column grid-lg-4 grid-md-4 grid-12\"><div id=\"section-g-vsddsxv\" class=\"section-g-vsddsxv gutentor-single-col\">\n<p class=\"has-text-align-center\"><img loading=\"lazy\" decoding=\"async\" width=\"150\" height=\"200\" class=\"wp-image-703\" style=\"width: 150px\" src=\"https:\/\/laniusekologi.se\/wp-content\/uploads\/2026\/04\/Staffan_Fagelkalibreringen_2026-04_Liten-rotated.jpg\" alt=\"\"><\/p>\n\n\n\n<p class=\"has-text-align-center\">Staffan Roos<\/p>\n\n\n\n<p class=\"has-text-align-center\"><em>VD, Senior ekologikonsult<\/em><\/p>\n\n\n\n<p>Staffan ansvarar f\u00f6r f\u00f6retagets strategi, utveckling och ekonomi. Han \u00e4r disputerad i ekologi (SLU 2004) och \u00e4r specialiserad inom ornitologi och naturv\u00e5rdsbiologi.  Staffan har mer \u00e4n 25 \u00e5rs erfarenhet av forskning och konsultverksamhet i Sverige och Storbritannien. <\/p>\n\n\n\n<p class=\"has-text-align-center\"><a href=\"mailto:staffan.roos@laniusekologi.se\">staffan.roos@laniusekologi.se<\/a> <\/p>\n\n\n\n<p class=\"has-text-align-center\">070 &#8211; 679 45 83<\/p>\n<\/div><\/div>\n<\/div><\/div><\/section>\n","protected":false},"excerpt":{"rendered":"<p>Du hittar oss p\u00e5 kontoret strax utanf\u00f6r Uppsala, men det g\u00e5r givetvis bra att kontakta oss via mejl eller telefon. H\u00f6r av er f\u00f6r mer information eller kostnadsf\u00f6rslag. Medarbetare<\/p>\n","protected":false},"author":1,"featured_media":0,"parent":0,"menu_order":0,"comment_status":"closed","ping_status":"closed","template":"","meta":{"footnotes":""},"class_list":["post-687","page","type-page","status-publish","hentry"],"_links":{"self":[{"href":"https:\/\/laniusekologi.se\/index.php?rest_route=\/wp\/v2\/pages\/687","targetHints":{"allow":["GET"]}}],"collection":[{"href":"https:\/\/laniusekologi.se\/index.php?rest_route=\/wp\/v2\/pages"}],"about":[{"href":"https:\/\/laniusekologi.se\/index.php?rest_route=\/wp\/v2\/types\/page"}],"author":[{"embeddable":true,"href":"https:\/\/laniusekologi.se\/index.php?rest_route=\/wp\/v2\/users\/1"}],"replies":[{"embeddable":true,"href":"https:\/\/laniusekologi.se\/index.php?rest_route=%2Fwp%2Fv2%2Fcomments&post=687"}],"version-history":[{"count":11,"href":"https:\/\/laniusekologi.se\/index.php?rest_route=\/wp\/v2\/pages\/687\/revisions"}],"predecessor-version":[{"id":715,"href":"https:\/\/laniusekologi.se\/index.php?rest_route=\/wp\/v2\/pages\/687\/revisions\/715"}],"wp:attachment":[{"href":"https:\/\/laniusekologi.se\/index.php?rest_route=%2Fwp%2Fv2%2Fmedia&parent=687"}],"curies":[{"name":"wp","href":"https:\/\/api.w.org\/{rel}","templated":true}]}}