{"id":476,"date":"2025-02-01T02:22:47","date_gmt":"2025-02-01T01:22:47","guid":{"rendered":"https:\/\/laniusekologi.se\/?page_id=476"},"modified":"2025-02-01T02:32:29","modified_gmt":"2025-02-01T01:32:29","slug":"analyser2","status":"publish","type":"page","link":"https:\/\/laniusekologi.se\/?page_id=476","title":{"rendered":"Analyser"},"content":{"rendered":"\n<p>Lanius Ekologi AB utf\u00f6r landskapsanalyser och statistiska analyser f\u00f6r att finna l\u00f6sningarna p\u00e5 olika naturv\u00e5rdsproblem. Exempel p\u00e5 olika analyser inkluderar:<\/p>\n\n\n\n<ul class=\"wp-block-list\">\n<li><strong>GIS-analyser<\/strong>: Geografiska informationssystem (GIS) hj\u00e4lper oss att f\u00f6rst\u00e5 rumsliga data, samt visualisera dem i kartor. Antalet analyser som kan g\u00f6ras med kraftfulla GIS-applikationer \u00e4r stort. F\u00f6r naturv\u00e5rdsbiologiska fr\u00e5gest\u00e4llningar \u00e4r analyser kopplade till prediktioner om en arts f\u00f6rekomst eller populationst\u00e4thet inom ett omr\u00e5de ofta viktiga. Detta g\u00f6r Lanius Ekologi baserat p\u00e5 artens habitatkrav, tidigare artobservationer i Artportalen eller redan insamlade data om artens f\u00f6rekomst i n\u00e4rliggande omr\u00e5den. N\u00e4r hela artsamh\u00e4llen, eller samtliga fridlysta och r\u00f6dlistade arter, analyseras tillsammans, kan tydliga resultat erh\u00e5llas avseende mest l\u00e4mpliga plats f\u00f6r val av plats f\u00f6r exploatering. S\u00e5dana analyser ger tydliga vinster b\u00e5de f\u00f6r naturv\u00e5rden (fridlysta och hotade arter p\u00e5verkas inte av exploateringen) och f\u00f6r kunden (snabbare process f\u00f6r att f\u00e5 exploateringen godk\u00e4nd). <a href=\"https:\/\/laniusekologi.se\/?page_id=264\" data-type=\"page\" data-id=\"264\">Kontakta<\/a> Lanius Ekologi f\u00f6r att diskutera hur ditt projekt kan g\u00f6ras mer effektivt med hj\u00e4lp av v\u00e5ra GIS-analyser.<\/li>\n<\/ul>\n\n\n\n<figure class=\"wp-block-image size-full is-resized\"><img loading=\"lazy\" decoding=\"async\" width=\"928\" height=\"899\" src=\"https:\/\/laniusekologi.se\/wp-content\/uploads\/2024\/04\/Habitat-suitability-WTE-Scotland_med-text.png\" alt=\"\" class=\"wp-image-283\" style=\"width:514px;height:auto\" srcset=\"https:\/\/laniusekologi.se\/wp-content\/uploads\/2024\/04\/Habitat-suitability-WTE-Scotland_med-text.png 928w, https:\/\/laniusekologi.se\/wp-content\/uploads\/2024\/04\/Habitat-suitability-WTE-Scotland_med-text-300x291.png 300w, https:\/\/laniusekologi.se\/wp-content\/uploads\/2024\/04\/Habitat-suitability-WTE-Scotland_med-text-768x744.png 768w\" sizes=\"auto, (max-width: 928px) 100vw, 928px\" \/><\/figure>\n\n\n\n<ul class=\"wp-block-list\">\n<li><strong>Trendanalyser<\/strong>: Har antalet individer av en art \u00f6kat eller minskat efter det att naturv\u00e5rds\u00e5tg\u00e4rderna sattes in? V\u00e4xt- och djurpopulationer varierar kraftigt mellan \u00e5ren, bland annat beroende p\u00e5 v\u00e4der, antal predatorer, sjukdomsutbrott eller f\u00f6r\u00e4ndrad markanv\u00e4ndning i landskapet. Det kan vara sv\u00e5rt att f\u00f6rst\u00e5 om utf\u00f6rda \u00e5tg\u00e4rder i ett omr\u00e5de verkligen haft avsedd effekt. Genom att analysera insamlade data fr\u00e5n flera \u00e5r g\u00e5r det att f\u00f6rst\u00e5 om antalet individer faktiskt har f\u00f6r\u00e4ndrats i \u00f6nskv\u00e4rd riktning, eller om det bara \u00e4r slumpvisa upp- och nedg\u00e5ngar i populationen. <a href=\"https:\/\/laniusekologi.se\/?page_id=264\" data-type=\"page\" data-id=\"264\">Kontakta<\/a><a href=\"https:\/\/laniusekologi.se\/kontakta-oss\/\"> <\/a>Lanius Ekologi f\u00f6r att diskutera hur ditt projekt kan g\u00f6ras mer effektivt med hj\u00e4lp av v\u00e5ra trendanalyser.<\/li>\n<\/ul>\n\n\n\n<figure class=\"wp-block-image size-full is-resized\"><img loading=\"lazy\" decoding=\"async\" width=\"600\" height=\"590\" src=\"https:\/\/laniusekologi.se\/wp-content\/uploads\/2023\/12\/Trend_GR_SA_Occupancy_1988_2015.png\" alt=\"\" class=\"wp-image-90\" style=\"width:452px;height:auto\" srcset=\"https:\/\/laniusekologi.se\/wp-content\/uploads\/2023\/12\/Trend_GR_SA_Occupancy_1988_2015.png 600w, https:\/\/laniusekologi.se\/wp-content\/uploads\/2023\/12\/Trend_GR_SA_Occupancy_1988_2015-300x295.png 300w\" sizes=\"auto, (max-width: 600px) 100vw, 600px\" \/><figcaption class=\"wp-element-caption\"><em>Ett exempel p\u00e5 en ned\u00e5tg\u00e5ende populationstrend. H\u00e4r visas proportionen revir som var bebodda av tornfalk mellan 1998 och 2015.<\/em><\/figcaption><\/figure>\n\n\n\n<ul class=\"wp-block-list\">\n<li><strong>S\u00e5rbarhetsanalyser<\/strong>: Genom att anv\u00e4nda data p\u00e5 en arts demografi (reproduktion, d\u00f6dlighet, immigration och emigration) kan man modellera hur antalet individer i en population kan komma att f\u00f6r\u00e4ndras \u00f6ver de n\u00e4rmaste 5, 10, 20 eller 50 \u00e5ren. Detta kan vara viktigt om man diskuterar olika naturv\u00e5rds\u00e5tg\u00e4rder; vilken \u00e5tg\u00e4rd, eller intensitet p\u00e5 \u00e5tg\u00e4rden, kr\u00e4vs f\u00f6r att \u00f6ka populationen med 10 % \u00f6ver 10 \u00e5r? Eller vilken insats kr\u00e4vs f\u00f6r att utrota en invasiv art? Likas\u00e5 kan risken f\u00f6r utd\u00f6ende av en population modelleras. Lanius Ekologi AB anv\u00e4nder s\u00e4rskilt utvecklade program f\u00f6r att modellera v\u00e4xt- och djurpopulationers framtida utveckling, men kan \u00e4ven programmera komplexa scenarier i olika statistiska spr\u00e5k\/datorprogram. Resultaten av analyserna presenteras b\u00e5de i diagram och med f\u00f6rklarande texter. <a href=\"https:\/\/laniusekologi.se\/?page_id=264\" data-type=\"page\" data-id=\"264\">Kontakta<\/a><a href=\"https:\/\/laniusekologi.se\/kontakta-oss\/\"> <\/a>Lanius Ekologi f\u00f6r att diskutera hur ditt projekt kan g\u00f6ras mer effektivt med hj\u00e4lp av v\u00e5ra s\u00e5rbarhetsanalyser.<\/li>\n<\/ul>\n\n\n\n<ul class=\"wp-block-list\">\n<li><strong>Meta-analyser<\/strong>: I litteratur- och kunskapssammanst\u00e4llningar kan man anv\u00e4nda sig av meta-analyser f\u00f6r att f\u00f6rst\u00e5 om en viss metod \u00e4r effektiv, det vill s\u00e4ga kommer att leda till ett \u00f6nskv\u00e4rt resultat. En meta-analys \u00e4r en statistisk analysmetod som <em>kvantitativt <\/em>v\u00e4ger samman resultat fr\u00e5n olika studier som studerat samma fr\u00e5gest\u00e4llning med samma metod (till exempel f\u00f6r\u00e4ndring av antalet individer n\u00e4r en viss naturv\u00e5rdsinsats satts in). En meta-analys \u00e4r allts\u00e5 en studie av studier! Eftersom samma problem studerats p\u00e5 m\u00e5nga platser, ofta \u00f6ver flera \u00e5r, kan resultaten fr\u00e5n de olika experimenten\/studierna v\u00e4gas samman. Detta ger en b\u00e4ttre bild av kunskapsl\u00e4get j\u00e4mf\u00f6rt om man endast <em>kvalitativt <\/em>listade de olika studiernas utfall. Inom ekologin kan ju m\u00e5nga faktorer p\u00e5verka resultatet inom enskilda studier (antal dagar med sn\u00f6t\u00e4cke, sorkcykelns fas eller t\u00e4thet av parasiter, bara f\u00f6r att n\u00e4mna n\u00e5gra faktorer som \u00e4r sv\u00e5ra att styra \u00f6ver i experiment). I en meta-analys utf\u00f6rd av Lanius Ekologi redovisas resultaten i begripliga diagram, f\u00f6rklarande texter och tydliga rekommendationer. <a href=\"https:\/\/laniusekologi.se\/?page_id=264\" data-type=\"page\" data-id=\"264\">Kontakta<\/a> Lanius Ekologi f\u00f6r att diskutera hur ditt projekt kan g\u00f6ras mer effektivt med hj\u00e4lp av en meta-analys.<\/li>\n<\/ul>\n\n\n\n<p>Givetvis kan Lanius Ekologi utf\u00f6ra m\u00e5nga andra typer av analyser och modelleringar inom GIS och statistik. Staffan Roos har m\u00e5ng\u00e5rig erfarenhet av att analysera komplexa data avseende populationer i tid och rum. <a href=\"https:\/\/laniusekologi.se\/?page_id=264\" data-type=\"page\" data-id=\"264\">Kontakta <\/a>oss f\u00f6r att diskutera hur vi kan hj\u00e4lpa dig i ditt projekt.<\/p>\n","protected":false},"excerpt":{"rendered":"<p>Lanius Ekologi AB utf\u00f6r landskapsanalyser och statistiska analyser f\u00f6r att finna l\u00f6sningarna p\u00e5 olika naturv\u00e5rdsproblem. Exempel p\u00e5 olika analyser inkluderar: Givetvis kan Lanius Ekologi utf\u00f6ra m\u00e5nga andra typer av analyser och modelleringar inom GIS och statistik. Staffan Roos har m\u00e5ng\u00e5rig erfarenhet av att analysera komplexa data avseende populationer i tid och rum. Kontakta oss f\u00f6r [&hellip;]<\/p>\n","protected":false},"author":1,"featured_media":0,"parent":0,"menu_order":0,"comment_status":"closed","ping_status":"closed","template":"","meta":{"footnotes":""},"class_list":["post-476","page","type-page","status-publish","hentry"],"_links":{"self":[{"href":"https:\/\/laniusekologi.se\/index.php?rest_route=\/wp\/v2\/pages\/476","targetHints":{"allow":["GET"]}}],"collection":[{"href":"https:\/\/laniusekologi.se\/index.php?rest_route=\/wp\/v2\/pages"}],"about":[{"href":"https:\/\/laniusekologi.se\/index.php?rest_route=\/wp\/v2\/types\/page"}],"author":[{"embeddable":true,"href":"https:\/\/laniusekologi.se\/index.php?rest_route=\/wp\/v2\/users\/1"}],"replies":[{"embeddable":true,"href":"https:\/\/laniusekologi.se\/index.php?rest_route=%2Fwp%2Fv2%2Fcomments&post=476"}],"version-history":[{"count":4,"href":"https:\/\/laniusekologi.se\/index.php?rest_route=\/wp\/v2\/pages\/476\/revisions"}],"predecessor-version":[{"id":484,"href":"https:\/\/laniusekologi.se\/index.php?rest_route=\/wp\/v2\/pages\/476\/revisions\/484"}],"wp:attachment":[{"href":"https:\/\/laniusekologi.se\/index.php?rest_route=%2Fwp%2Fv2%2Fmedia&parent=476"}],"curies":[{"name":"wp","href":"https:\/\/api.w.org\/{rel}","templated":true}]}}