{"id":39,"date":"2023-12-29T22:11:09","date_gmt":"2023-12-29T22:11:09","guid":{"rendered":"http:\/\/laniusekologi.se\/?page_id=39"},"modified":"2025-10-12T06:37:07","modified_gmt":"2025-10-12T04:37:07","slug":"om-lanius-ekologi-ab","status":"publish","type":"page","link":"https:\/\/laniusekologi.se\/?page_id=39","title":{"rendered":"Om Lanius Ekologi AB"},"content":{"rendered":"\n<p>Lanius Ekologi AB grundades 2024. Bolagets aff\u00e4rsid\u00e9 \u00e4r att utf\u00f6ra kostnadseffektiva och h\u00f6gkvalitativa ekologiska inventeringar och utredningar avseende biologisk m\u00e5ngfald.<\/p>\n\n\n\n<p>I en v\u00e4rld d\u00e4r klimat, markanv\u00e4ndning och energibehov f\u00f6r\u00e4ndras snabbt \u00e4r det viktigt att r\u00e4tt beslutsunderlag finns till hands. Lanius Ekologi AB hj\u00e4lper kunder inom privat och offentlig sektor i hela landet att ta fram r\u00e4tt underlag vid \u00e4renden kopplade till exploatering och bevarande av biologisk m\u00e5ngfald.<\/p>\n\n\n\n<p><strong>N\u00e5got om namnet<\/strong><\/p>\n\n\n\n<p>Namnet Lanius Ekologi AB kommer fr\u00e5n det latinska namnet p\u00e5 den art som f\u00f6retagets grundare Staffan Roos studerade under sin doktorandtid; t\u00f6rnskata. <em>Lanius<\/em> \u00e4r namnet p\u00e5 <a href=\"https:\/\/sv.wikipedia.org\/wiki\/T%C3%B6rnskatsl%C3%A4ktet\" target=\"_blank\" rel=\"noreferrer noopener\">sl\u00e4ktet<\/a> d\u00e4r de svenska arterna t\u00f6rnskata (<em>Lanius collurio<\/em>) och varf\u00e5gel (<em>Lanius excubitor<\/em>) ing\u00e5r. Ytterligare \u00e5tta t\u00f6rnskatearter har observerats i Sverige, men dessa arter har inte h\u00e4ckat h\u00e4r (\u00e4n\u2026 med klimatf\u00f6r\u00e4ndringarna i \u00e5tanke kanske vi snart har en ny t\u00f6rnskateart i landet).<\/p>\n\n\n\n<figure class=\"wp-block-image size-full\"><img loading=\"lazy\" decoding=\"async\" width=\"800\" height=\"500\" src=\"https:\/\/laniusekologi.se\/wp-content\/uploads\/2024\/03\/Red-backed_shrike-1.jpg\" alt=\"\" class=\"wp-image-228\" srcset=\"https:\/\/laniusekologi.se\/wp-content\/uploads\/2024\/03\/Red-backed_shrike-1.jpg 800w, https:\/\/laniusekologi.se\/wp-content\/uploads\/2024\/03\/Red-backed_shrike-1-300x188.jpg 300w, https:\/\/laniusekologi.se\/wp-content\/uploads\/2024\/03\/Red-backed_shrike-1-768x480.jpg 768w\" sizes=\"auto, (max-width: 800px) 100vw, 800px\" \/><figcaption class=\"wp-element-caption\"><em>En hane av t\u00f6rnskata, arten som gett namn \u00e5t Lanius Ekologi  (Foto: Antonios Tsaknakis).<\/em><\/figcaption><\/figure>\n","protected":false},"excerpt":{"rendered":"<p>Lanius Ekologi AB grundades 2024. Bolagets aff\u00e4rsid\u00e9 \u00e4r att utf\u00f6ra kostnadseffektiva och h\u00f6gkvalitativa ekologiska inventeringar och utredningar avseende biologisk m\u00e5ngfald. I en v\u00e4rld d\u00e4r klimat, markanv\u00e4ndning och energibehov f\u00f6r\u00e4ndras snabbt \u00e4r det viktigt att r\u00e4tt beslutsunderlag finns till hands. Lanius Ekologi AB hj\u00e4lper kunder inom privat och offentlig sektor i hela landet att ta fram [&hellip;]<\/p>\n","protected":false},"author":1,"featured_media":0,"parent":0,"menu_order":0,"comment_status":"closed","ping_status":"closed","template":"","meta":{"footnotes":""},"class_list":["post-39","page","type-page","status-publish","hentry"],"_links":{"self":[{"href":"https:\/\/laniusekologi.se\/index.php?rest_route=\/wp\/v2\/pages\/39","targetHints":{"allow":["GET"]}}],"collection":[{"href":"https:\/\/laniusekologi.se\/index.php?rest_route=\/wp\/v2\/pages"}],"about":[{"href":"https:\/\/laniusekologi.se\/index.php?rest_route=\/wp\/v2\/types\/page"}],"author":[{"embeddable":true,"href":"https:\/\/laniusekologi.se\/index.php?rest_route=\/wp\/v2\/users\/1"}],"replies":[{"embeddable":true,"href":"https:\/\/laniusekologi.se\/index.php?rest_route=%2Fwp%2Fv2%2Fcomments&post=39"}],"version-history":[{"count":7,"href":"https:\/\/laniusekologi.se\/index.php?rest_route=\/wp\/v2\/pages\/39\/revisions"}],"predecessor-version":[{"id":586,"href":"https:\/\/laniusekologi.se\/index.php?rest_route=\/wp\/v2\/pages\/39\/revisions\/586"}],"wp:attachment":[{"href":"https:\/\/laniusekologi.se\/index.php?rest_route=%2Fwp%2Fv2%2Fmedia&parent=39"}],"curies":[{"name":"wp","href":"https:\/\/api.w.org\/{rel}","templated":true}]}}