{"id":244,"date":"2024-04-01T20:51:09","date_gmt":"2024-04-01T20:51:09","guid":{"rendered":"https:\/\/laniusekologi.se\/?page_id=244"},"modified":"2025-05-03T07:19:47","modified_gmt":"2025-05-03T05:19:47","slug":"skotsel-utveckling","status":"publish","type":"page","link":"https:\/\/laniusekologi.se\/?page_id=244","title":{"rendered":"Sk\u00f6tsel &#038; Utveckling"},"content":{"rendered":"\n<p>Det \u00e4r viktigt att sk\u00f6ta och utveckla olika milj\u00f6er, till exempel naturreservat, rekreations- och friluftsomr\u00e5den, solparker, kyrkog\u00e5rdar och bostadsomr\u00e5den, f\u00f6r att bibeh\u00e5lla och utveckla den biologiska m\u00e5ngfalden i omr\u00e5det. \u00c4ven de s\u00e5 viktiga ekosystemtj\u00e4nsterna kan f\u00f6rst\u00e4rkas genom r\u00e4tt sk\u00f6tsel och utveckling av ett omr\u00e5de. <\/p>\n\n\n\n<p>F\u00f6r att avg\u00f6ra om sk\u00f6tsel\u00e5tg\u00e4rderna har f\u00e5tt den effekt som avs\u00e5gs \u00e4r det viktigt att regelbundet f\u00f6lja upp hur den biologiska m\u00e5ngfalden utvecklas i omr\u00e5det. Om det beh\u00f6vs kan sk\u00f6tseln beh\u00f6va anpassas f\u00f6r att n\u00e5 de uppsatta m\u00e5len.<\/p>\n\n\n\n<p>Staffan Roos p\u00e5 Lanius Ekologi AB har den erfarenhet och kompetens som beh\u00f6vs f\u00f6r att ta fram sk\u00f6tselplaner inriktade p\u00e5 att f\u00f6rst\u00e4rka den biologiska m\u00e5ngfalden och ekosystemtj\u00e4nster i olika typer av omr\u00e5den. De framtagna sk\u00f6tselplanerna utg\u00e5r fr\u00e5n de arter och ekologiska processer som redan finns p\u00e5 plats i omr\u00e5det. M\u00e5ls\u00e4ttningar och plan f\u00f6r att n\u00e5 m\u00e5len diskuteras ing\u00e5ende med uppdragsgivaren i syfte att skapa s\u00e5 stor naturnytta som m\u00f6jligt.<\/p>\n\n\n\n<p>Lanius Ekologi AB kan \u00e4ven producera skyltar och broschyrer f\u00f6r att bes\u00f6kare ska f\u00e5 \u00f6kad f\u00f6rst\u00e5else f\u00f6r den biologiska m\u00e5ngfalden i omr\u00e5det.<\/p>\n\n\n\n<p><a href=\"https:\/\/laniusekologi.se\/?page_id=264\" data-type=\"page\" data-id=\"264\">Kontakta<\/a> Lanius Ekologi AB f\u00f6r att diskutera hur ditt omr\u00e5de kan sk\u00f6tas f\u00f6r att utvecklas till ett omr\u00e5de med h\u00f6g biologisk m\u00e5ngfald.<\/p>\n\n\n\n<figure class=\"wp-block-image aligncenter size-full is-resized\"><img loading=\"lazy\" decoding=\"async\" width=\"800\" height=\"533\" src=\"https:\/\/laniusekologi.se\/wp-content\/uploads\/2024\/03\/Alight_Skurup_28_april_2022-3.jpg\" alt=\"\" class=\"wp-image-222\" style=\"width:670px;height:auto\" srcset=\"https:\/\/laniusekologi.se\/wp-content\/uploads\/2024\/03\/Alight_Skurup_28_april_2022-3.jpg 800w, https:\/\/laniusekologi.se\/wp-content\/uploads\/2024\/03\/Alight_Skurup_28_april_2022-3-300x200.jpg 300w, https:\/\/laniusekologi.se\/wp-content\/uploads\/2024\/03\/Alight_Skurup_28_april_2022-3-768x512.jpg 768w\" sizes=\"auto, (max-width: 800px) 100vw, 800px\" \/><figcaption class=\"wp-element-caption\"><em>Solparker kan kombinera produktion av fossilfri el med f\u00f6rst\u00e4rkning av den biologiska m\u00e5ngfalden p\u00e5 en lokal och regional skala. F\u00f6r att den biologiska m\u00e5ngfalden ska gynnas kr\u00e4vs v\u00e4lplanerade sk\u00f6tselplaner som grundar sig i en gedigen ekologisk kompetens. (Foto: Alight Energy AB).<\/em><\/figcaption><\/figure>\n","protected":false},"excerpt":{"rendered":"<p>Det \u00e4r viktigt att sk\u00f6ta och utveckla olika milj\u00f6er, till exempel naturreservat, rekreations- och friluftsomr\u00e5den, solparker, kyrkog\u00e5rdar och bostadsomr\u00e5den, f\u00f6r att bibeh\u00e5lla och utveckla den biologiska m\u00e5ngfalden i omr\u00e5det. \u00c4ven de s\u00e5 viktiga ekosystemtj\u00e4nsterna kan f\u00f6rst\u00e4rkas genom r\u00e4tt sk\u00f6tsel och utveckling av ett omr\u00e5de. F\u00f6r att avg\u00f6ra om sk\u00f6tsel\u00e5tg\u00e4rderna har f\u00e5tt den effekt som avs\u00e5gs [&hellip;]<\/p>\n","protected":false},"author":1,"featured_media":0,"parent":0,"menu_order":0,"comment_status":"closed","ping_status":"closed","template":"","meta":{"footnotes":""},"class_list":["post-244","page","type-page","status-publish","hentry"],"_links":{"self":[{"href":"https:\/\/laniusekologi.se\/index.php?rest_route=\/wp\/v2\/pages\/244","targetHints":{"allow":["GET"]}}],"collection":[{"href":"https:\/\/laniusekologi.se\/index.php?rest_route=\/wp\/v2\/pages"}],"about":[{"href":"https:\/\/laniusekologi.se\/index.php?rest_route=\/wp\/v2\/types\/page"}],"author":[{"embeddable":true,"href":"https:\/\/laniusekologi.se\/index.php?rest_route=\/wp\/v2\/users\/1"}],"replies":[{"embeddable":true,"href":"https:\/\/laniusekologi.se\/index.php?rest_route=%2Fwp%2Fv2%2Fcomments&post=244"}],"version-history":[{"count":3,"href":"https:\/\/laniusekologi.se\/index.php?rest_route=\/wp\/v2\/pages\/244\/revisions"}],"predecessor-version":[{"id":571,"href":"https:\/\/laniusekologi.se\/index.php?rest_route=\/wp\/v2\/pages\/244\/revisions\/571"}],"wp:attachment":[{"href":"https:\/\/laniusekologi.se\/index.php?rest_route=%2Fwp%2Fv2%2Fmedia&parent=244"}],"curies":[{"name":"wp","href":"https:\/\/api.w.org\/{rel}","templated":true}]}}