{"id":233,"date":"2024-04-01T20:17:24","date_gmt":"2024-04-01T20:17:24","guid":{"rendered":"https:\/\/laniusekologi.se\/?page_id=233"},"modified":"2025-05-03T07:17:24","modified_gmt":"2025-05-03T05:17:24","slug":"forvaltningsplaner","status":"publish","type":"page","link":"https:\/\/laniusekologi.se\/?page_id=233","title":{"rendered":"F\u00f6rvaltningsplaner"},"content":{"rendered":"\n<p>F\u00f6r att underl\u00e4tta samexistensen mellan m\u00e4nniskor och naturligt f\u00f6rekommande inhemska djurarter som p\u00e5verkar oss, v\u00e5ra djur eller v\u00e5r markanv\u00e4ndning kr\u00e4vs ofta n\u00e5gon form av f\u00f6rvaltning. En s\u00e5dan f\u00f6rvaltning b\u00f6r grunda sig p\u00e5 kunskap om djurarten i fr\u00e5ga och dess p\u00e5verkan p\u00e5 omgivningen. Det \u00e4r vanligt att f\u00f6rvaltningsplaner tas fram f\u00f6r stora rovdjur som tar boskap eller kr\u00e4ver socioekonomiska avv\u00e4gningar. F\u00f6rvaltningsplaner tas ocks\u00e5 fram avseende d\u00e4ggdjur och f\u00e5glar som f\u00e5ngar stora m\u00e4ngder fisk eller som orsakar skador p\u00e5 gr\u00f6dor. Gemensamt f\u00f6r dessa f\u00f6rvaltningsplaner \u00e4r att de har fokus p\u00e5 att f\u00f6rvaltningen ska resultera i \u00e5tg\u00e4rder som fr\u00e4mjar samexistensen mellan m\u00e4nniskor och dessa arter, samtidigt som skador och ol\u00e4genheter f\u00f6rebyggs och begr\u00e4nsas. Dessa f\u00f6rvaltningsplaner ska inte f\u00f6rv\u00e4xlas med planer som syftar till att minimera skador fr\u00e5n invasiva fr\u00e4mmande arter, d\u00e4r m\u00e5let ofta \u00e4r att utrota den invasiva arten.<\/p>\n\n\n\n<p>En viktig del i arbetet med att ta fram f\u00f6rvaltningsplaner \u00e4r att l\u00e5ta olika intressegrupper komma till tals med sina synpunkter p\u00e5 arten och dess f\u00f6rvaltning. Att h\u00e5lla m\u00f6ten och workshops d\u00e4r de olika akt\u00f6rerna m\u00f6ts \u00e4r d\u00e4rf\u00f6r en sj\u00e4lvklar del i framtagandet av en f\u00f6rvaltningsplan. F\u00f6r att en f\u00f6rvaltningsplan ska bli framg\u00e5ngsrik \u00e4r det av stor vikt att samtliga akt\u00f6rer som p\u00e5verkas av planen f\u00e5r f\u00f6rst\u00e5else f\u00f6r processen. En \u00f6ppen och transparent process fr\u00e4mjar samarbetsviljan hos de olika intressegrupperna.<\/p>\n\n\n\n<p>Staffan Roos p\u00e5 Lanius Ekologi AB stor har erfarenhet av att ta fram f\u00f6rvaltningsplaner f\u00f6r olika djurgrupper. Fr\u00e4mst har Staffan arbetat med konfliktfyllda arter som rovf\u00e5glar (fr\u00e4mst bl\u00e5 k\u00e4rrh\u00f6k och havs\u00f6rn), men \u00e4ven med d\u00e4ggdjur (till exempel b\u00e4ver). <\/p>\n\n\n\n<p>Om du har behov av att ta fram en f\u00f6rvaltningsplan kan Lanius Ekologi AB ge dig r\u00e5d och st\u00f6d genom hela processen, inklusive planering av m\u00f6ten och workshops f\u00f6r att fr\u00e4mja samarbetet mellan olika intressegrupper. <a href=\"https:\/\/laniusekologi.se\/?page_id=264\" data-type=\"page\" data-id=\"264\">Kontakta<\/a> Lanius Ekologi AB f\u00f6r att diskutera uppl\u00e4gg och styrning av projektet.<\/p>\n\n\n\n<figure class=\"wp-block-image aligncenter size-large is-resized\"><img loading=\"lazy\" decoding=\"async\" width=\"1024\" height=\"740\" src=\"https:\/\/laniusekologi.se\/wp-content\/uploads\/2024\/04\/HH_Male-1024x740.jpg\" alt=\"\" class=\"wp-image-234\" style=\"width:566px;height:auto\" srcset=\"https:\/\/laniusekologi.se\/wp-content\/uploads\/2024\/04\/HH_Male-1024x740.jpg 1024w, https:\/\/laniusekologi.se\/wp-content\/uploads\/2024\/04\/HH_Male-300x217.jpg 300w, https:\/\/laniusekologi.se\/wp-content\/uploads\/2024\/04\/HH_Male-768x555.jpg 768w, https:\/\/laniusekologi.se\/wp-content\/uploads\/2024\/04\/HH_Male.jpg 1200w\" sizes=\"auto, (max-width: 1024px) 100vw, 1024px\" \/><figcaption class=\"wp-element-caption\"><em>En hane av bl\u00e5 k\u00e4rrh\u00f6k fotograferad i Skottland. Arten kan genom sin predation p\u00e5 nyss kl\u00e4ckta ungar av moripa begr\u00e4nsa det jaktliga uttaget av moripor under den kommande jakts\u00e4songen p\u00e5 de skotska hedarna. Staffan Roos har stor erfarenhet av att ta fram f\u00f6rvaltningsplaner f\u00f6r f\u00e5gelsamh\u00e4llen p\u00e5 de skotska hedarna f\u00f6r att fr\u00e4mja f\u00f6rekomsten av de skyddade bl\u00e5 k\u00e4rrh\u00f6karna, de jaktbara moriporna och de s\u00e4llsynta arterna av vadare som finns i samma omr\u00e5den.<\/em><\/figcaption><\/figure>\n","protected":false},"excerpt":{"rendered":"<p>F\u00f6r att underl\u00e4tta samexistensen mellan m\u00e4nniskor och naturligt f\u00f6rekommande inhemska djurarter som p\u00e5verkar oss, v\u00e5ra djur eller v\u00e5r markanv\u00e4ndning kr\u00e4vs ofta n\u00e5gon form av f\u00f6rvaltning. En s\u00e5dan f\u00f6rvaltning b\u00f6r grunda sig p\u00e5 kunskap om djurarten i fr\u00e5ga och dess p\u00e5verkan p\u00e5 omgivningen. Det \u00e4r vanligt att f\u00f6rvaltningsplaner tas fram f\u00f6r stora rovdjur som tar boskap [&hellip;]<\/p>\n","protected":false},"author":1,"featured_media":0,"parent":0,"menu_order":0,"comment_status":"closed","ping_status":"closed","template":"","meta":{"footnotes":""},"class_list":["post-233","page","type-page","status-publish","hentry"],"_links":{"self":[{"href":"https:\/\/laniusekologi.se\/index.php?rest_route=\/wp\/v2\/pages\/233","targetHints":{"allow":["GET"]}}],"collection":[{"href":"https:\/\/laniusekologi.se\/index.php?rest_route=\/wp\/v2\/pages"}],"about":[{"href":"https:\/\/laniusekologi.se\/index.php?rest_route=\/wp\/v2\/types\/page"}],"author":[{"embeddable":true,"href":"https:\/\/laniusekologi.se\/index.php?rest_route=\/wp\/v2\/users\/1"}],"replies":[{"embeddable":true,"href":"https:\/\/laniusekologi.se\/index.php?rest_route=%2Fwp%2Fv2%2Fcomments&post=233"}],"version-history":[{"count":5,"href":"https:\/\/laniusekologi.se\/index.php?rest_route=\/wp\/v2\/pages\/233\/revisions"}],"predecessor-version":[{"id":568,"href":"https:\/\/laniusekologi.se\/index.php?rest_route=\/wp\/v2\/pages\/233\/revisions\/568"}],"wp:attachment":[{"href":"https:\/\/laniusekologi.se\/index.php?rest_route=%2Fwp%2Fv2%2Fmedia&parent=233"}],"curies":[{"name":"wp","href":"https:\/\/api.w.org\/{rel}","templated":true}]}}