{"id":163,"date":"2024-03-19T23:07:46","date_gmt":"2024-03-19T23:07:46","guid":{"rendered":"https:\/\/laniusekologi.se\/?page_id=163"},"modified":"2026-03-08T21:16:31","modified_gmt":"2026-03-08T20:16:31","slug":"artskyddsutredningar","status":"publish","type":"page","link":"https:\/\/laniusekologi.se\/?page_id=163","title":{"rendered":"Artskyddsutredningar"},"content":{"rendered":"\n<div class=\"wp-block-group has-global-padding is-layout-constrained wp-block-group-is-layout-constrained\">\n<p>Inf\u00f6r nybyggnation eller planl\u00e4ggning \u00e4r det viktigt att veta vilka arter som finns omr\u00e5det. En gedigen <a href=\"https:\/\/laniusekologi.se\/artinventeringar\/\">artinventering <\/a>\u00e4r d\u00e4rf\u00f6r ett f\u00f6rsta viktigt steg i processen. Om resultaten fr\u00e5n inventeringen visar att det i omr\u00e5det finns arter som \u00e4r skyddade enligt <a href=\"https:\/\/www.riksdagen.se\/sv\/dokument-och-lagar\/dokument\/svensk-forfattningssamling\/artskyddsforordning-2007845_sfs-2007-845\/\" target=\"_blank\" rel=\"noreferrer noopener\">artskyddsf\u00f6rordningen <\/a>b\u00f6r en utredning g\u00f6ras f\u00f6r att ta reda p\u00e5 om och hur dessa skyddade arter p\u00e5verkas av exploateringsplanerna. En s\u00e5dan utredning kallas f\u00f6r en artskyddsutredning.<\/p>\n<\/div>\n\n\n\n<figure class=\"wp-block-image size-full\"><img loading=\"lazy\" decoding=\"async\" width=\"960\" height=\"540\" src=\"https:\/\/laniusekologi.se\/wp-content\/uploads\/2024\/03\/Jordugglekull_Skottland.jpg\" alt=\"\" class=\"wp-image-177\" srcset=\"https:\/\/laniusekologi.se\/wp-content\/uploads\/2024\/03\/Jordugglekull_Skottland.jpg 960w, https:\/\/laniusekologi.se\/wp-content\/uploads\/2024\/03\/Jordugglekull_Skottland-300x169.jpg 300w, https:\/\/laniusekologi.se\/wp-content\/uploads\/2024\/03\/Jordugglekull_Skottland-768x432.jpg 768w\" sizes=\"auto, (max-width: 960px) 100vw, 960px\" \/><figcaption class=\"wp-element-caption\"><em>En kull av jorduggla. Arten \u00e4r upptagen i F\u00e5geldirektivets Bilaga 1, och \u00e5tnjuter d\u00e4rf\u00f6r starkt skydd enligt artskyddsf\u00f6rordningen. (Foto: Staffan Roos).<\/em><\/figcaption><\/figure>\n\n\n\n<p>Om en artskyddsutredning inte g\u00f6rs brukar exploateringsplanerna stoppas av l\u00e4nsstyrelsen eller annan beslutande myndighet (f\u00f6rbud enligt artskyddsf\u00f6rordningen). Eventuellt utl\u00f6ses inte ett f\u00f6rbud direkt, utan den s\u00f6kande f\u00e5r chansen att inkomma med fler uppgifter. En s\u00e5dan process tenderar att bli b\u00e5de l\u00e5ngdragen och kostsam. Det \u00e4r s\u00e5ledes viktigt att p\u00e5 ett tidigt stadium l\u00e5ta utf\u00f6ra en artskyddsutredning s\u00e5 att tillst\u00e5ndsprocessen blir s\u00e5 smidig som m\u00f6jligt.<\/p>\n\n\n\n<p>Om skyddade arter riskerar att p\u00e5verkas av ett projekt \u00e4r det viktigt att olika skydds\u00e5tg\u00e4rder och anpassningar av planerna s\u00e4tts in och kommuniceras med beslutande myndigheter. Det \u00e4r i s\u00e5dana sammanhang viktigt att skydds\u00e5tg\u00e4rderna s\u00e4kerst\u00e4ller att den lokala populationen av den skyddade arten och dess livsmilj\u00f6er inte p\u00e5verkas s\u00e5 negativt att det totala antalet individer av arten minskar. Skydds\u00e5tg\u00e4rder och anpassningar ska givetvis vara vetenskapligt bepr\u00f6vade och passande f\u00f6r arten i fr\u00e5ga.<\/p>\n\n\n\n<p>F\u00f6r att ta fram artskyddsutredningar kr\u00e4vs mycket god kunskap om de arter som kan p\u00e5verkas, god kunskap om vilka \u00e5tg\u00e4rder som faktiskt fungerar samt god kunskap om hur myndigheter och domstolar hanterar \u00e4rendena. Lanius Ekologi AB har flera \u00e5rs erfarenhet av artskyddsutredningar och den kunskap som kr\u00e4vs f\u00f6r att ta fram verksamma skydds\u00e5tg\u00e4rder och anpassningar. <a href=\"https:\/\/laniusekologi.se\/?page_id=264\" data-type=\"page\" data-id=\"264\">Kontakta<\/a> g\u00e4rna Lanius Ekologi f\u00f6r att diskutera om ditt projekt kan kr\u00e4va en artskyddsutredning.<\/p>\n\n\n\n<p><strong>N\u00e5got om artskyddsf\u00f6rordningen<\/strong><\/p>\n\n\n\n<p>Artskyddsf\u00f6rordningen inf\u00f6rdes i svensk lag 2008. I oktober 2022 skrevs delar av lagtexten om. Lagtexten \u00e4r inte helt l\u00e4tt att f\u00f6rst\u00e5, och efter f\u00f6r\u00e4ndringarna 2022 utvecklas tolkningen av lagen allteftersom nya domar i milj\u00f6\u00f6verdomstolen ger v\u00e4gledning till hur lagen skall tolkas. Lanius Ekologi AB f\u00f6ljer hur praxis utvecklas och ger dig st\u00f6d i hela den process som en artskyddsutredning inneb\u00e4r.<\/p>\n\n\n\n<p><strong>St\u00f6d vid en artskyddsutredning<\/strong><\/p>\n\n\n\n<p><a href=\"https:\/\/laniusekologi.se\/?page_id=264\" data-type=\"page\" data-id=\"264\">Kontakta <\/a>Lanius Ekologi AB s\u00e5 hj\u00e4lper vi till under hela artskyddsutredningsprocessen. Vi utf\u00f6r en grundl\u00e4ggande kartl\u00e4ggning av vilka arter som tidigare setts inom det aktuella omr\u00e5det, samt vid behov utf\u00f6r en gedigen f\u00e4ltinventering. Vi sammanst\u00e4ller resultaten av en s\u00e5dan inventering i en detaljerad rapport. D\u00e4refter ger vi f\u00f6rslag p\u00e5 skydds\u00e5tg\u00e4rder och anpassningar f\u00f6r att undvika att skyddade arter p\u00e5verkas negativt av de planerade \u00e5tg\u00e4rderna. Vi genomf\u00f6r \u00e5tg\u00e4rder och uppf\u00f6ljning (till exempel nya inventeringar) av de f\u00f6rslag som vi gett. Vid behov hj\u00e4lper vi till med dispensans\u00f6kningar och samr\u00e5d hos l\u00e4nsstyrelsen samt f\u00f6rhandlingar i Milj\u00f6domstolen och Milj\u00f6\u00f6verdomstolen.<\/p>\n","protected":false},"excerpt":{"rendered":"<p>Inf\u00f6r nybyggnation eller planl\u00e4ggning \u00e4r det viktigt att veta vilka arter som finns omr\u00e5det. En gedigen artinventering \u00e4r d\u00e4rf\u00f6r ett f\u00f6rsta viktigt steg i processen. Om resultaten fr\u00e5n inventeringen visar att det i omr\u00e5det finns arter som \u00e4r skyddade enligt artskyddsf\u00f6rordningen b\u00f6r en utredning g\u00f6ras f\u00f6r att ta reda p\u00e5 om och hur dessa skyddade [&hellip;]<\/p>\n","protected":false},"author":1,"featured_media":0,"parent":0,"menu_order":0,"comment_status":"closed","ping_status":"closed","template":"","meta":{"footnotes":""},"class_list":["post-163","page","type-page","status-publish","hentry"],"_links":{"self":[{"href":"https:\/\/laniusekologi.se\/index.php?rest_route=\/wp\/v2\/pages\/163","targetHints":{"allow":["GET"]}}],"collection":[{"href":"https:\/\/laniusekologi.se\/index.php?rest_route=\/wp\/v2\/pages"}],"about":[{"href":"https:\/\/laniusekologi.se\/index.php?rest_route=\/wp\/v2\/types\/page"}],"author":[{"embeddable":true,"href":"https:\/\/laniusekologi.se\/index.php?rest_route=\/wp\/v2\/users\/1"}],"replies":[{"embeddable":true,"href":"https:\/\/laniusekologi.se\/index.php?rest_route=%2Fwp%2Fv2%2Fcomments&post=163"}],"version-history":[{"count":8,"href":"https:\/\/laniusekologi.se\/index.php?rest_route=\/wp\/v2\/pages\/163\/revisions"}],"predecessor-version":[{"id":665,"href":"https:\/\/laniusekologi.se\/index.php?rest_route=\/wp\/v2\/pages\/163\/revisions\/665"}],"wp:attachment":[{"href":"https:\/\/laniusekologi.se\/index.php?rest_route=%2Fwp%2Fv2%2Fmedia&parent=163"}],"curies":[{"name":"wp","href":"https:\/\/api.w.org\/{rel}","templated":true}]}}