{"id":151,"date":"2024-03-19T22:28:41","date_gmt":"2024-03-19T22:28:41","guid":{"rendered":"https:\/\/laniusekologi.se\/?page_id=151"},"modified":"2025-05-03T07:15:49","modified_gmt":"2025-05-03T05:15:49","slug":"artinventeringar","status":"publish","type":"page","link":"https:\/\/laniusekologi.se\/?page_id=151","title":{"rendered":"Artinventeringar"},"content":{"rendered":"\n<p>I Sverige finns ett stort och v\u00e4xande behov av riktade f\u00e4ltinventeringar av olika artgrupper inf\u00f6r exploatering. \u00c4ven vid planering av naturreservat och andra skyddade omr\u00e5den finns ett behov av v\u00e4l genomf\u00f6rda inventeringar av olika arter. Resultaten fr\u00e5n inventeringarna anv\u00e4nds dels som underlag f\u00f6r olika typer av tillst\u00e5nds\u00e4renden, dels som baslinjeresultat f\u00f6r att kunna f\u00f6lja upp om olika naturv\u00e5rdande sk\u00f6tsel\u00e5tg\u00e4rder har gett \u00f6nskv\u00e4rda resultat.<\/p>\n\n\n\n<p>Lanius Ekologi AB erbjuder inventeringstj\u00e4nster som \u00e4r anpassade f\u00f6r tillst\u00e5nds\u00e4renden kopplade till nybebyggelse, skogsbruk, infrastruktur och elinfrastruktur (elledningar och solparker). Vi utf\u00f6r \u00e4ven inventeringar f\u00f6r att f\u00f6lja upp populationsutvecklingen efter inf\u00f6rda sk\u00f6tsel\u00e5tg\u00e4rder.<\/p>\n\n\n\n<figure class=\"wp-block-image aligncenter size-large is-resized\"><img loading=\"lazy\" decoding=\"async\" width=\"1024\" height=\"683\" src=\"https:\/\/laniusekologi.se\/wp-content\/uploads\/2024\/03\/Goldammer_Emberiza_citrinella_Andreas-Trepte-1024x683.jpg\" alt=\"\" class=\"wp-image-171\" style=\"width:537px;height:auto\" srcset=\"https:\/\/laniusekologi.se\/wp-content\/uploads\/2024\/03\/Goldammer_Emberiza_citrinella_Andreas-Trepte-1024x683.jpg 1024w, https:\/\/laniusekologi.se\/wp-content\/uploads\/2024\/03\/Goldammer_Emberiza_citrinella_Andreas-Trepte-300x200.jpg 300w, https:\/\/laniusekologi.se\/wp-content\/uploads\/2024\/03\/Goldammer_Emberiza_citrinella_Andreas-Trepte-768x512.jpg 768w, https:\/\/laniusekologi.se\/wp-content\/uploads\/2024\/03\/Goldammer_Emberiza_citrinella_Andreas-Trepte-1536x1024.jpg 1536w, https:\/\/laniusekologi.se\/wp-content\/uploads\/2024\/03\/Goldammer_Emberiza_citrinella_Andreas-Trepte-2048x1366.jpg 2048w\" sizes=\"auto, (max-width: 1024px) 100vw, 1024px\" \/><figcaption class=\"wp-element-caption\"><em>Gulsparv \u00e4r upptagen som n\u00e4ra hotad (NT) i den svenska r\u00f6dlistan. Inf\u00f6r olika typer av exploatering som kr\u00e4ver tillst\u00e5nd \u00e4r det viktigt att ha en god kunskap om vilka skyddade och r\u00f6dlistade arter som finns i omr\u00e5det. (Foto: Andreas Trepte).<\/em><\/figcaption><\/figure>\n\n\n\n<p>Fr\u00e4mst fokuserar inventeringarna p\u00e5 arter och artgrupper som har h\u00f6g skyddsstatus enligt Artskyddsf\u00f6rordningen. Dessa arter \u00e4r ofta upptagna i F\u00e5geldirektivets bilaga 1 eller Art- och habitatdirektivets bilagor 2 och 4. Kunskap om dessa skyddade arters f\u00f6rekomst och t\u00e4theter underl\u00e4ttar tillst\u00e5ndsprocessen avsev\u00e4rt.<\/p>\n\n\n\n<p>Lanius Ekologi utf\u00f6r fr\u00e4mst inventeringar av grod- och kr\u00e4ldjur, f\u00e5glar och fladderm\u00f6ss, men kan \u00e4ven utf\u00f6ra andra typer av artinventeringar.<\/p>\n\n\n\n<p><strong>Tidpunkt f\u00f6r inventeringen \u00e4r viktig<\/strong><\/p>\n\n\n\n<p>T\u00e4nk p\u00e5 att det finns tydliga riktlinjer n\u00e4r de olika artgrupperna ska inventeras. Alla inventeringar inte kan g\u00f6ras n\u00e4r som helst p\u00e5 \u00e5ret. Det \u00e4r d\u00e4rf\u00f6r viktigt att planera artinventeringar i god tid. F\u00f6ljande riktlinjer g\u00e4ller f\u00f6r de artgrupper som Lanius Ekologi AB inventerar:<\/p>\n\n\n\n<ul class=\"wp-block-list\">\n<li><strong>F\u00e5glar<\/strong>: Revirkartering och andra typer av <em>h\u00e4ckf\u00e5gelinventeringar<\/em> utf\u00f6rs under v\u00e5ren och f\u00f6rsommaren (april \u2013 juni f\u00f6r s\u00f6dra och mellersta Sverige). <em>\u00d6rnar, ugglor och hackspettar<\/em> inventeras med f\u00f6rdel n\u00e5got tidigare (februari \u2013 april). <em>Skogsh\u00f6ns<\/em> (orre och tj\u00e4der) inventeras under v\u00e5ren (mars \u2013 maj).<\/li>\n\n\n\n<li><strong>Groddjur<\/strong>: <em>Visuell inventering av lekande groddjur<\/em> utf\u00f6rs under arternas lektid, vilket ofta infaller under v\u00e5ren (mars \u2013 maj). \u00c4ven <em>eDNA-provtagning<\/em> f\u00f6r att utr\u00f6na f\u00f6rekomst av olika groddjur utf\u00f6rs under v\u00e5ren eller f\u00f6rsommaren (april-juni). &nbsp;&nbsp;<em>Kartl\u00e4ggning av groddjurens vandring<\/em> mellan \u00f6vervintringsomr\u00e5den och lekvatten inf\u00f6r planering av groddjurstunnlar utf\u00f6rs fr\u00e4mst under v\u00e5ren. Dock kan ytterligare kartl\u00e4ggning av vandring fr\u00e5n lekvatten till f\u00f6dos\u00f6ks- och \u00f6vervintringsomr\u00e5den g\u00f6ras under sommaren och h\u00f6sten.<\/li>\n\n\n\n<li><strong>Kr\u00e4ldjur<\/strong>: <em>Inventering av hasselsnok<\/em> utf\u00f6rs mellan sn\u00f6sm\u00e4ltning p\u00e5 v\u00e5rvintern till maj\/juni. Inventeringen kan kompletteras med ytterligare bes\u00f6k i september. <em>Inventering av sand\u00f6dla<\/em> utf\u00f6rs i maj och i augusti. Ytterligare bes\u00f6k i september kan g\u00f6ras f\u00f6r att f\u00e5 information om antalet \u00e5rsungar.<\/li>\n\n\n\n<li><strong>Fladderm\u00f6ss<\/strong>: Fladderm\u00f6ss inventeras med hj\u00e4lp av ultraljudsdetektorer nattetid mellan slutet av juni och augusti.<\/li>\n<\/ul>\n\n\n\n<p>Det kan givetvis finnas fr\u00e5gest\u00e4llningar som kr\u00e4ver att de olika artgrupperna ska inventeras p\u00e5 andra tider p\u00e5 \u00e5ret. <a href=\"https:\/\/laniusekologi.se\/?page_id=264\" data-type=\"page\" data-id=\"264\">Kontakta<\/a> g\u00e4rna Lanius Ekologi AB f\u00f6r en dialog om vilken typ av inventering du beh\u00f6ver.<\/p>\n\n\n\n\n\n<p><\/p>\n","protected":false},"excerpt":{"rendered":"<p>I Sverige finns ett stort och v\u00e4xande behov av riktade f\u00e4ltinventeringar av olika artgrupper inf\u00f6r exploatering. \u00c4ven vid planering av naturreservat och andra skyddade omr\u00e5den finns ett behov av v\u00e4l genomf\u00f6rda inventeringar av olika arter. Resultaten fr\u00e5n inventeringarna anv\u00e4nds dels som underlag f\u00f6r olika typer av tillst\u00e5nds\u00e4renden, dels som baslinjeresultat f\u00f6r att kunna f\u00f6lja upp [&hellip;]<\/p>\n","protected":false},"author":1,"featured_media":0,"parent":0,"menu_order":0,"comment_status":"closed","ping_status":"closed","template":"","meta":{"footnotes":""},"class_list":["post-151","page","type-page","status-publish","hentry"],"_links":{"self":[{"href":"https:\/\/laniusekologi.se\/index.php?rest_route=\/wp\/v2\/pages\/151","targetHints":{"allow":["GET"]}}],"collection":[{"href":"https:\/\/laniusekologi.se\/index.php?rest_route=\/wp\/v2\/pages"}],"about":[{"href":"https:\/\/laniusekologi.se\/index.php?rest_route=\/wp\/v2\/types\/page"}],"author":[{"embeddable":true,"href":"https:\/\/laniusekologi.se\/index.php?rest_route=\/wp\/v2\/users\/1"}],"replies":[{"embeddable":true,"href":"https:\/\/laniusekologi.se\/index.php?rest_route=%2Fwp%2Fv2%2Fcomments&post=151"}],"version-history":[{"count":29,"href":"https:\/\/laniusekologi.se\/index.php?rest_route=\/wp\/v2\/pages\/151\/revisions"}],"predecessor-version":[{"id":566,"href":"https:\/\/laniusekologi.se\/index.php?rest_route=\/wp\/v2\/pages\/151\/revisions\/566"}],"wp:attachment":[{"href":"https:\/\/laniusekologi.se\/index.php?rest_route=%2Fwp%2Fv2%2Fmedia&parent=151"}],"curies":[{"name":"wp","href":"https:\/\/api.w.org\/{rel}","templated":true}]}}